{"id":1364,"date":"2025-03-05T12:29:11","date_gmt":"2025-03-05T11:29:11","guid":{"rendered":"https:\/\/onyarbi.com\/_nueva\/camion\/"},"modified":"2025-09-03T14:02:15","modified_gmt":"2025-09-03T12:02:15","slug":"camion","status":"publish","type":"page","link":"https:\/\/onyarbi.com\/fr\/produits\/camion\/","title":{"rendered":"T\u00caTE DE TRACTEUR"},"content":{"rendered":"\t\t<div data-elementor-type=\"wp-page\" data-elementor-id=\"1364\" class=\"elementor elementor-1364 elementor-198\" data-elementor-post-type=\"page\">\n\t\t\t\t<div class=\"elementor-element elementor-element-a94ecf3 e-flex e-con-boxed e-con e-parent\" data-id=\"a94ecf3\" data-element_type=\"container\" data-e-type=\"container\" data-settings=\"{&quot;background_background&quot;:&quot;classic&quot;}\">\n\t\t\t\t\t<div class=\"e-con-inner\">\n\t\t<div class=\"elementor-element elementor-element-e47334a e-con-full e-flex e-con e-child\" data-id=\"e47334a\" data-element_type=\"container\" data-e-type=\"container\">\n\t\t\t\t<div class=\"elementor-element elementor-element-3f0814e elementor-widget elementor-widget-heading\" data-id=\"3f0814e\" data-element_type=\"widget\" data-e-type=\"widget\" data-widget_type=\"heading.default\">\n\t\t\t\t<div class=\"elementor-widget-container\">\n\t\t\t\t\t<h2 class=\"elementor-heading-title elementor-size-default\">Composants de ch\u00e2ssis et\n<br>de direction pour tracteurs<\/h2>\t\t\t\t<\/div>\n\t\t\t\t<\/div>\n\t\t\t\t<div class=\"elementor-element elementor-element-b32bfb2 elementor-invisible elementor-widget elementor-widget-text-editor\" data-id=\"b32bfb2\" data-element_type=\"widget\" data-e-type=\"widget\" data-settings=\"{&quot;_animation&quot;:&quot;fadeIn&quot;,&quot;_animation_delay&quot;:300}\" data-widget_type=\"text-editor.default\">\n\t\t\t\t<div class=\"elementor-widget-container\">\n\t\t\t\t\t\t\t\t\t<p>Large choix de rotules de direction et de leviers automatiques<\/p>\t\t\t\t\t\t\t\t<\/div>\n\t\t\t\t<\/div>\n\t\t\t\t<div class=\"elementor-element elementor-element-f7496ea elementor-widget elementor-widget-spacer\" data-id=\"f7496ea\" data-element_type=\"widget\" data-e-type=\"widget\" data-widget_type=\"spacer.default\">\n\t\t\t\t<div class=\"elementor-widget-container\">\n\t\t\t\t\t\t\t<div class=\"elementor-spacer\">\n\t\t\t<div class=\"elementor-spacer-inner\"><\/div>\n\t\t<\/div>\n\t\t\t\t\t\t<\/div>\n\t\t\t\t<\/div>\n\t\t\t\t<\/div>\n\t\t\t\t\t<\/div>\n\t\t\t\t<\/div>\n\t\t<div class=\"elementor-element elementor-element-8800d89 e-flex e-con-boxed e-con e-parent\" data-id=\"8800d89\" data-element_type=\"container\" data-e-type=\"container\">\n\t\t\t\t\t<div class=\"e-con-inner\">\n\t\t<div class=\"elementor-element elementor-element-6fa3c9f e-con-full e-flex e-con e-child\" data-id=\"6fa3c9f\" data-element_type=\"container\" data-e-type=\"container\">\n\t\t<div class=\"elementor-element elementor-element-3f00a5b e-con-full e-flex e-con e-child\" data-id=\"3f00a5b\" data-element_type=\"container\" data-e-type=\"container\">\n\t\t\t\t<div class=\"elementor-element elementor-element-7a0c706 elementor-icon-list--layout-traditional elementor-list-item-link-full_width elementor-widget elementor-widget-icon-list\" data-id=\"7a0c706\" data-element_type=\"widget\" data-e-type=\"widget\" data-widget_type=\"icon-list.default\">\n\t\t\t\t<div class=\"elementor-widget-container\">\n\t\t\t\t\t\t\t<ul class=\"elementor-icon-list-items\">\n\t\t\t\t\t\t\t<li class=\"elementor-icon-list-item\">\n\t\t\t\t\t\t\t\t\t\t\t<span class=\"elementor-icon-list-icon\">\n\t\t\t\t\t\t\t<svg xmlns=\"http:\/\/www.w3.org\/2000\/svg\" xmlns:xlink=\"http:\/\/www.w3.org\/1999\/xlink\" width=\"24\" height=\"24\" viewBox=\"0 0 24 24\" fill=\"none\"><rect width=\"24\" height=\"24\" fill=\"url(#pattern0_6_36)\"><\/rect><defs><pattern id=\"pattern0_6_36\" patternContentUnits=\"objectBoundingBox\" width=\"1\" height=\"1\"><use xlink:href=\"#image0_6_36\" transform=\"translate(-0.0078125) scale(0.015625)\"><\/use><\/pattern><image id=\"image0_6_36\" width=\"65\" height=\"64\" preserveAspectRatio=\"none\" xlink:href=\"data:image\/png;base64,iVBORw0KGgoAAAANSUhEUgAAAEEAAABACAYAAABFqxrgAAAACXBIWXMAAAsSAAALEgHS3X78AAAE4ElEQVR4nNWbT3LqRhDGf4\/yHrLTLlqrVGVyAvNOEHIC804QbhByA94Jgk8QcoInnyBQpdI2YqclnMBZzABCltCo1SOXvyoWxpqe0Uf\/m+meL29vb3wEijiaA9PK17sgzbZDr+XLkCQUcTQBlvYzbnjsAKyDNFsPta7BSCjiaAokNL98FS9Bmi28LaiE0RCTCAgAeC7iaONlQRV41wRrAjndCCjja5BmidqCajCEJqyREwDGf3iFV00o4igE\/lMQ9VOQZkcFObXwrQlzJTnVUKqKz0LCRElOLR58Cgc2mKjQF95MAYQ+wXr8mf1M7afq\/A7AQsuzF3E0w2hWnWkkwA5IJL7DmQTr5ObAAnh0lH8I0izsuqiauefA346P7zEauA3SLHcZ0EpCEUcLzIs\/OS6iit5xvoijHe7El\/ECrNrIaCTBqt8G+FkweRmvQZrNpIOVwuwLsGwyldroUMTRGvhBfwIAniyhUmhspJ6BvGkd70go4mgJ\/K4wcRkb60w7wZrir0prGAM\/rMwb3JiDVb0d\/dLcJuyBmav3LuJoBfzhYR0AvwRptjv\/UdWEFX4IAOPYkjbTKOJoUcRRjj8CwPi6Cy6aoLDb64I9RuPy0ncz6vMNX\/jtfIpVzhjnAy7gEVnI08Qc2MKtOWjl+Z8Fl\/ctkzAbfh0fivHZPz3A5fhLyxT2mA3PEWP3ZdR9V8WU97vGCdc9Q4hO\/gLmh08eSn9IccJElaQcdnogcXnI\/nBT+qX0U7g6RumhxQkT+zVevhPsnDtMIrbBZIVdEcKVhFC4lmUTATb11j4RWjcUZ5bIotsjXEmQqNMhSLPNnf9PhXLvYVX3ZZBmR0t65wSriKNwJMnpLdo2NrlQrhQb4bhwhFxlk5b\/50K5jbh3LmHPDPYCsRPpQevJwRl6PRdsgKSYOx0hC48u0UA7Yrz6mlOqCYOHREfkkkFSElpV3UP9sJV4Yb4ylTrGj9AEXz5mMkJW3XFdkIsduyL3Necg\/QlKyH0J9k2CptnkirJu4JsENTt2rSZJ4JuEXEnOSUlOLT4LCV6j0WchwSukJDjlFop2nHR4tvP2XUpCl9zCqz0r4DhC1kkSdnhWw56dZNgyYmfZXs1BEa6hVrQuKQmPHU6kEuEcZbhqk5iERDKQAYs1HfqQJFU0sTmAe6dp0mMOMA1grbD+QFLfPI6QO66+HSiuyB2fk7b\/5iOratIwtrWVoHvoGx1aTcF2n4i6a4I0y8\/mIF3oGPi3iKNNExkKPclNxZ2JbehIgL+Esl\/hWnzZ0a9Q8oy5n3CyshJumyv\/bBjnUqDdwaX2OMc45BCdomwOVxISdJq1xhgyL4QWcfSK6WzNpUKLONqi18BVxg6ueULiYYIznpDXOs\/ddD4IgHKnilXZfzxNBP0yTF8d7oezdpbzBEn1xhV9XmSmtYgKLrXUCwm2wuyUmAgQ9hjrQxNOlAq41YzR132jsMdYH11ui3LoviHBNkB89zCp6NcUbo3b8L3a6PFu7xCk2ZLmuC6F9NcMNReBuXD6TttrN1BBmq2Aryj6CGEzyExp+hPwrenGbeMuMkizxN5a+YZOOU0SJvs6xRNGq8N7rUWtF8Hs4E3p+s8M80JavYT3ICHugEn+tq438HtdDi1tpWd3Hjsj6Vqut7vDsOWxy\/5D2g7wPxvqnK172esiAAAAAElFTkSuQmCC\"><\/image><\/defs><\/svg>\t\t\t\t\t\t<\/span>\n\t\t\t\t\t\t\t\t\t\t<span class=\"elementor-icon-list-text\">ROTULES DE DIRECTION<\/span>\n\t\t\t\t\t\t\t\t\t<\/li>\n\t\t\t\t\t\t<\/ul>\n\t\t\t\t\t\t<\/div>\n\t\t\t\t<\/div>\n\t\t\t\t<div class=\"elementor-element elementor-element-d3eb094 elementor-widget__width-initial elementor-widget elementor-widget-spacer\" data-id=\"d3eb094\" data-element_type=\"widget\" data-e-type=\"widget\" data-widget_type=\"spacer.default\">\n\t\t\t\t<div class=\"elementor-widget-container\">\n\t\t\t\t\t\t\t<div class=\"elementor-spacer\">\n\t\t\t<div class=\"elementor-spacer-inner\"><\/div>\n\t\t<\/div>\n\t\t\t\t\t\t<\/div>\n\t\t\t\t<\/div>\n\t\t\t\t<div class=\"elementor-element elementor-element-26cdcf7 elementor-invisible elementor-widget elementor-widget-text-editor\" data-id=\"26cdcf7\" data-element_type=\"widget\" data-e-type=\"widget\" data-settings=\"{&quot;_animation&quot;:&quot;fadeInLeft&quot;,&quot;_animation_delay&quot;:200}\" data-widget_type=\"text-editor.default\">\n\t\t\t\t<div class=\"elementor-widget-container\">\n\t\t\t\t\t\t\t\t\t<p>Nous proposons une large gamme de rotules de direction pour camions, con\u00e7ues pour garantir une direction pr\u00e9cise, une durabilit\u00e9 dans des conditions difficiles et une conduite s\u00fbre. Ces composants sont fabriqu\u00e9s \u00e0 partir de mat\u00e9riaux hautement r\u00e9sistants et valid\u00e9s selon les normes les plus strictes du secteur. Composants fabriqu\u00e9s \u00e0 partir de mat\u00e9riaux tr\u00e8s r\u00e9sistants et valid\u00e9s selon les normes industrielles les plus strictes.<\/p>\t\t\t\t\t\t\t\t<\/div>\n\t\t\t\t<\/div>\n\t\t\t\t<div class=\"elementor-element elementor-element-313bf38 elementor-icon-list--layout-traditional elementor-list-item-link-full_width elementor-invisible elementor-widget elementor-widget-icon-list\" data-id=\"313bf38\" data-element_type=\"widget\" data-e-type=\"widget\" data-settings=\"{&quot;_animation&quot;:&quot;fadeInLeft&quot;,&quot;_animation_delay&quot;:400}\" data-widget_type=\"icon-list.default\">\n\t\t\t\t<div class=\"elementor-widget-container\">\n\t\t\t\t\t\t\t<ul class=\"elementor-icon-list-items\">\n\t\t\t\t\t\t\t<li class=\"elementor-icon-list-item\">\n\t\t\t\t\t\t\t\t\t\t\t<a href=\"https:\/\/onyarbi.com\/fr\/buscador?v=TYPE_ITEM=TIE%20RODS%20END|Descripcion_marca=RVI\">\n\n\t\t\t\t\t\t\t\t\t\t\t\t<span class=\"elementor-icon-list-icon\">\n\t\t\t\t\t\t\t<svg aria-hidden=\"true\" class=\"e-font-icon-svg e-fas-circle\" viewBox=\"0 0 512 512\" xmlns=\"http:\/\/www.w3.org\/2000\/svg\"><path d=\"M256 8C119 8 8 119 8 256s111 248 248 248 248-111 248-248S393 8 256 8z\"><\/path><\/svg>\t\t\t\t\t\t<\/span>\n\t\t\t\t\t\t\t\t\t\t<span class=\"elementor-icon-list-text\"><strong>RENAULT:<\/strong> Magnum AE 420, Magnum AE 386, Premium, R340, R350, Midliner, S, J<\/span>\n\t\t\t\t\t\t\t\t\t\t\t<\/a>\n\t\t\t\t\t\t\t\t\t<\/li>\n\t\t\t\t\t\t\t\t<li class=\"elementor-icon-list-item\">\n\t\t\t\t\t\t\t\t\t\t\t<a href=\"https:\/\/onyarbi.com\/fr\/buscador?v=TYPE_ITEM=TIE%20RODS%20END|Descripcion_marca=VOLVO\">\n\n\t\t\t\t\t\t\t\t\t\t\t\t<span class=\"elementor-icon-list-icon\">\n\t\t\t\t\t\t\t<svg aria-hidden=\"true\" class=\"e-font-icon-svg e-fas-circle\" viewBox=\"0 0 512 512\" xmlns=\"http:\/\/www.w3.org\/2000\/svg\"><path d=\"M256 8C119 8 8 119 8 256s111 248 248 248 248-111 248-248S393 8 256 8z\"><\/path><\/svg>\t\t\t\t\t\t<\/span>\n\t\t\t\t\t\t\t\t\t\t<span class=\"elementor-icon-list-text\"><strong>VOLVO:<\/strong> B6, F6, B7R, B10B, B10M, F7, F10, F12, F16, FL6, FL7, FL10, FL12, FH12, FH16<\/span>\n\t\t\t\t\t\t\t\t\t\t\t<\/a>\n\t\t\t\t\t\t\t\t\t<\/li>\n\t\t\t\t\t\t\t\t<li class=\"elementor-icon-list-item\">\n\t\t\t\t\t\t\t\t\t\t\t<a href=\"https:\/\/onyarbi.com\/fr\/buscador?v=TYPE_ITEM=TIE%20RODS%20END|Descripcion_marca=SCANIA\">\n\n\t\t\t\t\t\t\t\t\t\t\t\t<span class=\"elementor-icon-list-icon\">\n\t\t\t\t\t\t\t<svg aria-hidden=\"true\" class=\"e-font-icon-svg e-fas-circle\" viewBox=\"0 0 512 512\" xmlns=\"http:\/\/www.w3.org\/2000\/svg\"><path d=\"M256 8C119 8 8 119 8 256s111 248 248 248 248-111 248-248S393 8 256 8z\"><\/path><\/svg>\t\t\t\t\t\t<\/span>\n\t\t\t\t\t\t\t\t\t\t<span class=\"elementor-icon-list-text\"><strong>SCANIA:<\/strong> SERIES 2, SERIES 3, SERIES 4<\/span>\n\t\t\t\t\t\t\t\t\t\t\t<\/a>\n\t\t\t\t\t\t\t\t\t<\/li>\n\t\t\t\t\t\t\t\t<li class=\"elementor-icon-list-item\">\n\t\t\t\t\t\t\t\t\t\t\t<a href=\"https:\/\/onyarbi.com\/fr\/buscador?v=TYPE_ITEM=TIE%20RODS%20END|Descripcion_marca=MAN\">\n\n\t\t\t\t\t\t\t\t\t\t\t\t<span class=\"elementor-icon-list-icon\">\n\t\t\t\t\t\t\t<svg aria-hidden=\"true\" class=\"e-font-icon-svg e-fas-circle\" viewBox=\"0 0 512 512\" xmlns=\"http:\/\/www.w3.org\/2000\/svg\"><path d=\"M256 8C119 8 8 119 8 256s111 248 248 248 248-111 248-248S393 8 256 8z\"><\/path><\/svg>\t\t\t\t\t\t<\/span>\n\t\t\t\t\t\t\t\t\t\t<span class=\"elementor-icon-list-text\"><strong>MAN:<\/strong> F2000, F90, M2000,M90, SG, SL, TGA<\/span>\n\t\t\t\t\t\t\t\t\t\t\t<\/a>\n\t\t\t\t\t\t\t\t\t<\/li>\n\t\t\t\t\t\t\t\t<li class=\"elementor-icon-list-item\">\n\t\t\t\t\t\t\t\t\t\t\t<a href=\"https:\/\/onyarbi.com\/fr\/buscador?v=TYPE_ITEM=TIE%20RODS%20END|Descripcion_marca=MERCEDES\">\n\n\t\t\t\t\t\t\t\t\t\t\t\t<span class=\"elementor-icon-list-icon\">\n\t\t\t\t\t\t\t<svg aria-hidden=\"true\" class=\"e-font-icon-svg e-fas-circle\" viewBox=\"0 0 512 512\" xmlns=\"http:\/\/www.w3.org\/2000\/svg\"><path d=\"M256 8C119 8 8 119 8 256s111 248 248 248 248-111 248-248S393 8 256 8z\"><\/path><\/svg>\t\t\t\t\t\t<\/span>\n\t\t\t\t\t\t\t\t\t\t<span class=\"elementor-icon-list-text\"><strong>MERCEDES:<\/strong> ACTROS, ATEGO, AXOR T2, LK, MK, SK<\/span>\n\t\t\t\t\t\t\t\t\t\t\t<\/a>\n\t\t\t\t\t\t\t\t\t<\/li>\n\t\t\t\t\t\t\t\t<li class=\"elementor-icon-list-item\">\n\t\t\t\t\t\t\t\t\t\t\t<a href=\"https:\/\/onyarbi.com\/fr\/buscador?v=TYPE_ITEM=TIE%20RODS%20END|Descripcion_marca=DAF\">\n\n\t\t\t\t\t\t\t\t\t\t\t\t<span class=\"elementor-icon-list-icon\">\n\t\t\t\t\t\t\t<svg aria-hidden=\"true\" class=\"e-font-icon-svg e-fas-circle\" viewBox=\"0 0 512 512\" xmlns=\"http:\/\/www.w3.org\/2000\/svg\"><path d=\"M256 8C119 8 8 119 8 256s111 248 248 248 248-111 248-248S393 8 256 8z\"><\/path><\/svg>\t\t\t\t\t\t<\/span>\n\t\t\t\t\t\t\t\t\t\t<span class=\"elementor-icon-list-text\"><strong>DAF:<\/strong> 65DF, 75CF, F45, F1300, F1400, F1600, F1700, F1800, F1900, F2000, F2100, F2200<\/span>\n\t\t\t\t\t\t\t\t\t\t\t<\/a>\n\t\t\t\t\t\t\t\t\t<\/li>\n\t\t\t\t\t\t\t\t<li class=\"elementor-icon-list-item\">\n\t\t\t\t\t\t\t\t\t\t\t<a href=\"https:\/\/onyarbi.com\/fr\/buscador?v=TYPE_ITEM=TIE%20RODS%20END|Descripcion_marca=IVECO\">\n\n\t\t\t\t\t\t\t\t\t\t\t\t<span class=\"elementor-icon-list-icon\">\n\t\t\t\t\t\t\t<svg aria-hidden=\"true\" class=\"e-font-icon-svg e-fas-circle\" viewBox=\"0 0 512 512\" xmlns=\"http:\/\/www.w3.org\/2000\/svg\"><path d=\"M256 8C119 8 8 119 8 256s111 248 248 248 248-111 248-248S393 8 256 8z\"><\/path><\/svg>\t\t\t\t\t\t<\/span>\n\t\t\t\t\t\t\t\t\t\t<span class=\"elementor-icon-list-text\"><strong>IVECO:<\/strong> EUROCARGO, EUROSTAR, EUROTECH, EUROFIRE, EUROTRAKKER, ZETA, TURBOZETA, 75, 9A<\/span>\n\t\t\t\t\t\t\t\t\t\t\t<\/a>\n\t\t\t\t\t\t\t\t\t<\/li>\n\t\t\t\t\t\t<\/ul>\n\t\t\t\t\t\t<\/div>\n\t\t\t\t<\/div>\n\t\t\t\t<\/div>\n\t\t<div class=\"elementor-element elementor-element-78de66d e-con-full e-flex e-con e-child\" data-id=\"78de66d\" data-element_type=\"container\" data-e-type=\"container\">\n\t\t<div class=\"elementor-element elementor-element-d11d8d3 e-con-full e-flex e-con e-child\" data-id=\"d11d8d3\" data-element_type=\"container\" data-e-type=\"container\" data-settings=\"{&quot;background_background&quot;:&quot;classic&quot;}\">\n\t\t\t\t<\/div>\n\t\t\t\t<\/div>\n\t\t\t\t<\/div>\n\t\t\t\t\t<\/div>\n\t\t\t\t<\/div>\n\t\t<div class=\"elementor-element elementor-element-4abdbfc e-flex e-con-boxed e-con e-parent\" data-id=\"4abdbfc\" data-element_type=\"container\" data-e-type=\"container\">\n\t\t\t\t\t<div class=\"e-con-inner\">\n\t\t<div class=\"elementor-element elementor-element-3c45849 e-con-full e-flex e-con e-child\" data-id=\"3c45849\" data-element_type=\"container\" data-e-type=\"container\">\n\t\t<div class=\"elementor-element elementor-element-0df8bcf e-con-full e-flex e-con e-child\" data-id=\"0df8bcf\" data-element_type=\"container\" data-e-type=\"container\">\n\t\t\t\t<div class=\"elementor-element elementor-element-7b18aea elementor-icon-list--layout-traditional elementor-list-item-link-full_width elementor-widget elementor-widget-icon-list\" data-id=\"7b18aea\" data-element_type=\"widget\" data-e-type=\"widget\" data-widget_type=\"icon-list.default\">\n\t\t\t\t<div class=\"elementor-widget-container\">\n\t\t\t\t\t\t\t<ul class=\"elementor-icon-list-items\">\n\t\t\t\t\t\t\t<li class=\"elementor-icon-list-item\">\n\t\t\t\t\t\t\t\t\t\t\t<span class=\"elementor-icon-list-icon\">\n\t\t\t\t\t\t\t<svg xmlns=\"http:\/\/www.w3.org\/2000\/svg\" xmlns:xlink=\"http:\/\/www.w3.org\/1999\/xlink\" width=\"24\" height=\"24\" viewBox=\"0 0 24 24\" fill=\"none\"><rect width=\"24\" height=\"24\" fill=\"url(#pattern0_6_36)\"><\/rect><defs><pattern id=\"pattern0_6_36\" patternContentUnits=\"objectBoundingBox\" width=\"1\" height=\"1\"><use xlink:href=\"#image0_6_36\" transform=\"translate(-0.0078125) scale(0.015625)\"><\/use><\/pattern><image id=\"image0_6_36\" width=\"65\" height=\"64\" preserveAspectRatio=\"none\" xlink:href=\"data:image\/png;base64,iVBORw0KGgoAAAANSUhEUgAAAEEAAABACAYAAABFqxrgAAAACXBIWXMAAAsSAAALEgHS3X78AAAE4ElEQVR4nNWbT3LqRhDGf4\/yHrLTLlqrVGVyAvNOEHIC804QbhByA94Jgk8QcoInnyBQpdI2YqclnMBZzABCltCo1SOXvyoWxpqe0Uf\/m+meL29vb3wEijiaA9PK17sgzbZDr+XLkCQUcTQBlvYzbnjsAKyDNFsPta7BSCjiaAokNL98FS9Bmi28LaiE0RCTCAgAeC7iaONlQRV41wRrAjndCCjja5BmidqCajCEJqyREwDGf3iFV00o4igE\/lMQ9VOQZkcFObXwrQlzJTnVUKqKz0LCRElOLR58Cgc2mKjQF95MAYQ+wXr8mf1M7afq\/A7AQsuzF3E0w2hWnWkkwA5IJL7DmQTr5ObAAnh0lH8I0izsuqiauefA346P7zEauA3SLHcZ0EpCEUcLzIs\/OS6iit5xvoijHe7El\/ECrNrIaCTBqt8G+FkweRmvQZrNpIOVwuwLsGwyldroUMTRGvhBfwIAniyhUmhspJ6BvGkd70go4mgJ\/K4wcRkb60w7wZrir0prGAM\/rMwb3JiDVb0d\/dLcJuyBmav3LuJoBfzhYR0AvwRptjv\/UdWEFX4IAOPYkjbTKOJoUcRRjj8CwPi6Cy6aoLDb64I9RuPy0ncz6vMNX\/jtfIpVzhjnAy7gEVnI08Qc2MKtOWjl+Z8Fl\/ctkzAbfh0fivHZPz3A5fhLyxT2mA3PEWP3ZdR9V8WU97vGCdc9Q4hO\/gLmh08eSn9IccJElaQcdnogcXnI\/nBT+qX0U7g6RumhxQkT+zVevhPsnDtMIrbBZIVdEcKVhFC4lmUTATb11j4RWjcUZ5bIotsjXEmQqNMhSLPNnf9PhXLvYVX3ZZBmR0t65wSriKNwJMnpLdo2NrlQrhQb4bhwhFxlk5b\/50K5jbh3LmHPDPYCsRPpQevJwRl6PRdsgKSYOx0hC48u0UA7Yrz6mlOqCYOHREfkkkFSElpV3UP9sJV4Yb4ylTrGj9AEXz5mMkJW3XFdkIsduyL3Necg\/QlKyH0J9k2CptnkirJu4JsENTt2rSZJ4JuEXEnOSUlOLT4LCV6j0WchwSukJDjlFop2nHR4tvP2XUpCl9zCqz0r4DhC1kkSdnhWw56dZNgyYmfZXs1BEa6hVrQuKQmPHU6kEuEcZbhqk5iERDKQAYs1HfqQJFU0sTmAe6dp0mMOMA1grbD+QFLfPI6QO66+HSiuyB2fk7b\/5iOratIwtrWVoHvoGx1aTcF2n4i6a4I0y8\/mIF3oGPi3iKNNExkKPclNxZ2JbehIgL+Esl\/hWnzZ0a9Q8oy5n3CyshJumyv\/bBjnUqDdwaX2OMc45BCdomwOVxISdJq1xhgyL4QWcfSK6WzNpUKLONqi18BVxg6ueULiYYIznpDXOs\/ddD4IgHKnilXZfzxNBP0yTF8d7oezdpbzBEn1xhV9XmSmtYgKLrXUCwm2wuyUmAgQ9hjrQxNOlAq41YzR132jsMdYH11ui3LoviHBNkB89zCp6NcUbo3b8L3a6PFu7xCk2ZLmuC6F9NcMNReBuXD6TttrN1BBmq2Aryj6CGEzyExp+hPwrenGbeMuMkizxN5a+YZOOU0SJvs6xRNGq8N7rUWtF8Hs4E3p+s8M80JavYT3ICHugEn+tq438HtdDi1tpWd3Hjsj6Vqut7vDsOWxy\/5D2g7wPxvqnK172esiAAAAAElFTkSuQmCC\"><\/image><\/defs><\/svg>\t\t\t\t\t\t<\/span>\n\t\t\t\t\t\t\t\t\t\t<span class=\"elementor-icon-list-text\">LEVIERS AUTOMATIQUES<\/span>\n\t\t\t\t\t\t\t\t\t<\/li>\n\t\t\t\t\t\t<\/ul>\n\t\t\t\t\t\t<\/div>\n\t\t\t\t<\/div>\n\t\t\t\t<div class=\"elementor-element elementor-element-d9233f5 elementor-widget__width-initial elementor-widget elementor-widget-spacer\" data-id=\"d9233f5\" data-element_type=\"widget\" data-e-type=\"widget\" data-widget_type=\"spacer.default\">\n\t\t\t\t<div class=\"elementor-widget-container\">\n\t\t\t\t\t\t\t<div class=\"elementor-spacer\">\n\t\t\t<div class=\"elementor-spacer-inner\"><\/div>\n\t\t<\/div>\n\t\t\t\t\t\t<\/div>\n\t\t\t\t<\/div>\n\t\t\t\t<div class=\"elementor-element elementor-element-0e5ea15 elementor-invisible elementor-widget elementor-widget-text-editor\" data-id=\"0e5ea15\" data-element_type=\"widget\" data-e-type=\"widget\" data-settings=\"{&quot;_animation&quot;:&quot;fadeInLeft&quot;,&quot;_animation_delay&quot;:200}\" data-widget_type=\"text-editor.default\">\n\t\t\t\t<div class=\"elementor-widget-container\">\n\t\t\t\t\t\t\t\t\t<p>Nos leviers automatiques sont con\u00e7us pour garantir une tension uniforme et fiable dans les syst\u00e8mes de freinage. Id\u00e9aux pour les v\u00e9hicules lourds qui n\u00e9cessitent un entretien efficace et des performances constantes. Mod\u00e8les compatibles avec les principaux constructeurs europ\u00e9ens.  <\/p>\t\t\t\t\t\t\t\t<\/div>\n\t\t\t\t<\/div>\n\t\t\t\t<div class=\"elementor-element elementor-element-a839b8f elementor-icon-list--layout-traditional elementor-list-item-link-full_width elementor-invisible elementor-widget elementor-widget-icon-list\" data-id=\"a839b8f\" data-element_type=\"widget\" data-e-type=\"widget\" data-settings=\"{&quot;_animation&quot;:&quot;fadeInLeft&quot;,&quot;_animation_delay&quot;:400}\" data-widget_type=\"icon-list.default\">\n\t\t\t\t<div class=\"elementor-widget-container\">\n\t\t\t\t\t\t\t<ul class=\"elementor-icon-list-items\">\n\t\t\t\t\t\t\t<li class=\"elementor-icon-list-item\">\n\t\t\t\t\t\t\t\t\t\t\t<a href=\"https:\/\/onyarbi.com\/fr\/buscador?v=TYPE=AUTOMATIC|Descripcion_marca=RVI\">\n\n\t\t\t\t\t\t\t\t\t\t\t\t<span class=\"elementor-icon-list-icon\">\n\t\t\t\t\t\t\t<svg aria-hidden=\"true\" class=\"e-font-icon-svg e-fas-circle\" viewBox=\"0 0 512 512\" xmlns=\"http:\/\/www.w3.org\/2000\/svg\"><path d=\"M256 8C119 8 8 119 8 256s111 248 248 248 248-111 248-248S393 8 256 8z\"><\/path><\/svg>\t\t\t\t\t\t<\/span>\n\t\t\t\t\t\t\t\t\t\t<span class=\"elementor-icon-list-text\"><strong>RENAULT:<\/strong> C290, G170, G210, G230, G260, G290, G310, G340, G340TI, G285TI, R310, R330, R360, R370, R490, MAGNUM, PREMIUM, AE, MAXTER<\/span>\n\t\t\t\t\t\t\t\t\t\t\t<\/a>\n\t\t\t\t\t\t\t\t\t<\/li>\n\t\t\t\t\t\t\t\t<li class=\"elementor-icon-list-item\">\n\t\t\t\t\t\t\t\t\t\t\t<a href=\"https:\/\/onyarbi.com\/fr\/buscador?v=TYPE=AUTOMATIC|Descripcion_marca=SCANIA\">\n\n\t\t\t\t\t\t\t\t\t\t\t\t<span class=\"elementor-icon-list-icon\">\n\t\t\t\t\t\t\t<svg aria-hidden=\"true\" class=\"e-font-icon-svg e-fas-circle\" viewBox=\"0 0 512 512\" xmlns=\"http:\/\/www.w3.org\/2000\/svg\"><path d=\"M256 8C119 8 8 119 8 256s111 248 248 248 248-111 248-248S393 8 256 8z\"><\/path><\/svg>\t\t\t\t\t\t<\/span>\n\t\t\t\t\t\t\t\t\t\t<span class=\"elementor-icon-list-text\"><strong>SCANIA:<\/strong> SERIES 3, SERIES 4, G112, P112, R112, R142, G82, P82, T93, T113, T143<\/span>\n\t\t\t\t\t\t\t\t\t\t\t<\/a>\n\t\t\t\t\t\t\t\t\t<\/li>\n\t\t\t\t\t\t\t\t<li class=\"elementor-icon-list-item\">\n\t\t\t\t\t\t\t\t\t\t\t<a href=\"https:\/\/onyarbi.com\/fr\/buscador?v=TYPE=AUTOMATIC|Descripcion_marca=DAF\">\n\n\t\t\t\t\t\t\t\t\t\t\t\t<span class=\"elementor-icon-list-icon\">\n\t\t\t\t\t\t\t<svg aria-hidden=\"true\" class=\"e-font-icon-svg e-fas-circle\" viewBox=\"0 0 512 512\" xmlns=\"http:\/\/www.w3.org\/2000\/svg\"><path d=\"M256 8C119 8 8 119 8 256s111 248 248 248 248-111 248-248S393 8 256 8z\"><\/path><\/svg>\t\t\t\t\t\t<\/span>\n\t\t\t\t\t\t\t\t\t\t<span class=\"elementor-icon-list-text\"><strong>DAF:<\/strong> 55, 75, 85, 95, FA2100, FA2500, FA2800, FA3300, FA3600, FTS2800, FTS3300, FTS3600<\/span>\n\t\t\t\t\t\t\t\t\t\t\t<\/a>\n\t\t\t\t\t\t\t\t\t<\/li>\n\t\t\t\t\t\t<\/ul>\n\t\t\t\t\t\t<\/div>\n\t\t\t\t<\/div>\n\t\t\t\t<\/div>\n\t\t<div class=\"elementor-element elementor-element-f5d59ea e-con-full e-flex e-con e-child\" data-id=\"f5d59ea\" data-element_type=\"container\" data-e-type=\"container\">\n\t\t<div class=\"elementor-element elementor-element-057686b e-con-full e-flex e-con e-child\" data-id=\"057686b\" data-element_type=\"container\" data-e-type=\"container\" data-settings=\"{&quot;background_background&quot;:&quot;classic&quot;}\">\n\t\t\t\t<\/div>\n\t\t\t\t<\/div>\n\t\t\t\t<\/div>\n\t\t\t\t\t<\/div>\n\t\t\t\t<\/div>\n\t\t<div class=\"elementor-element elementor-element-ec979be e-flex e-con-boxed e-con e-parent\" data-id=\"ec979be\" data-element_type=\"container\" data-e-type=\"container\">\n\t\t\t\t\t<div class=\"e-con-inner\">\n\t\t\t\t<div class=\"elementor-element elementor-element-3656c7e elementor-widget elementor-widget-text-editor\" data-id=\"3656c7e\" data-element_type=\"widget\" data-e-type=\"widget\" data-widget_type=\"text-editor.default\">\n\t\t\t\t<div class=\"elementor-widget-container\">\n\t\t\t\t\t\t\t\t\t<p><em>* Les marques, les symboles et les r\u00e9f\u00e9rences du constructeur d&rsquo;origine sont signal\u00e9s pour rendre plus facile leur identification et cela ne signifie pas qu&rsquo;il s&rsquo;agit ce celles-ci.<\/em><\/p>\t\t\t\t\t\t\t\t<\/div>\n\t\t\t\t<\/div>\n\t\t\t\t\t<\/div>\n\t\t\t\t<\/div>\n\t\t\t\t<\/div>\n\t\t","protected":false},"excerpt":{"rendered":"<p>Composants de ch\u00e2ssis et de direction pour tracteurs Large choix de rotules de direction et de leviers automatiques ROTULES DE DIRECTION Nous proposons une large gamme de rotules de direction pour camions, con\u00e7ues pour garantir une direction pr\u00e9cise, une durabilit\u00e9 dans des conditions difficiles et une conduite s\u00fbre. Ces composants sont fabriqu\u00e9s \u00e0 partir de [&hellip;]<\/p>\n","protected":false},"author":1,"featured_media":0,"parent":1393,"menu_order":0,"comment_status":"closed","ping_status":"closed","template":"","meta":{"_acf_changed":false,"footnotes":""},"class_list":["post-1364","page","type-page","status-publish","hentry"],"acf":[],"_links":{"self":[{"href":"https:\/\/onyarbi.com\/fr\/wp-json\/wp\/v2\/pages\/1364","targetHints":{"allow":["GET"]}}],"collection":[{"href":"https:\/\/onyarbi.com\/fr\/wp-json\/wp\/v2\/pages"}],"about":[{"href":"https:\/\/onyarbi.com\/fr\/wp-json\/wp\/v2\/types\/page"}],"author":[{"embeddable":true,"href":"https:\/\/onyarbi.com\/fr\/wp-json\/wp\/v2\/users\/1"}],"replies":[{"embeddable":true,"href":"https:\/\/onyarbi.com\/fr\/wp-json\/wp\/v2\/comments?post=1364"}],"version-history":[{"count":7,"href":"https:\/\/onyarbi.com\/fr\/wp-json\/wp\/v2\/pages\/1364\/revisions"}],"predecessor-version":[{"id":3789,"href":"https:\/\/onyarbi.com\/fr\/wp-json\/wp\/v2\/pages\/1364\/revisions\/3789"}],"up":[{"embeddable":true,"href":"https:\/\/onyarbi.com\/fr\/wp-json\/wp\/v2\/pages\/1393"}],"wp:attachment":[{"href":"https:\/\/onyarbi.com\/fr\/wp-json\/wp\/v2\/media?parent=1364"}],"curies":[{"name":"wp","href":"https:\/\/api.w.org\/{rel}","templated":true}]}}