{"id":1378,"date":"2025-04-30T12:46:14","date_gmt":"2025-04-30T10:46:14","guid":{"rendered":"https:\/\/onyarbi.com\/_nueva\/sellette\/"},"modified":"2025-09-03T14:05:29","modified_gmt":"2025-09-03T12:05:29","slug":"sellette","status":"publish","type":"page","link":"https:\/\/onyarbi.com\/fr\/produits\/sellette\/","title":{"rendered":"Sellette"},"content":{"rendered":"\t\t<div data-elementor-type=\"wp-page\" data-elementor-id=\"1378\" class=\"elementor elementor-1378 elementor-391\" data-elementor-post-type=\"page\">\n\t\t\t\t<div class=\"elementor-element elementor-element-ff6b42f e-flex e-con-boxed e-con e-parent\" data-id=\"ff6b42f\" data-element_type=\"container\" data-e-type=\"container\" data-settings=\"{&quot;background_background&quot;:&quot;classic&quot;}\">\n\t\t\t\t\t<div class=\"e-con-inner\">\n\t\t<div class=\"elementor-element elementor-element-4ffbc2a e-con-full e-flex e-con e-child\" data-id=\"4ffbc2a\" data-element_type=\"container\" data-e-type=\"container\">\n\t\t\t\t<div class=\"elementor-element elementor-element-b3889e0 elementor-widget elementor-widget-heading\" data-id=\"b3889e0\" data-element_type=\"widget\" data-e-type=\"widget\" data-widget_type=\"heading.default\">\n\t\t\t\t<div class=\"elementor-widget-container\">\n\t\t\t\t\t<h2 class=\"elementor-heading-title elementor-size-default\">Sellettes d'attelage et syst\u00e8mes d'attelage<\/h2>\t\t\t\t<\/div>\n\t\t\t\t<\/div>\n\t\t\t\t<div class=\"elementor-element elementor-element-c773ce7 elementor-invisible elementor-widget elementor-widget-text-editor\" data-id=\"c773ce7\" data-element_type=\"widget\" data-e-type=\"widget\" data-settings=\"{&quot;_animation&quot;:&quot;fadeIn&quot;,&quot;_animation_delay&quot;:300}\" data-widget_type=\"text-editor.default\">\n\t\t\t\t<div class=\"elementor-widget-container\">\n\t\t\t\t\t\t\t\t\t<p>Composants, kits de r\u00e9paration et axes de pivot pour les principales marques du secteur.<\/p>\t\t\t\t\t\t\t\t<\/div>\n\t\t\t\t<\/div>\n\t\t\t\t<div class=\"elementor-element elementor-element-760b856 elementor-widget elementor-widget-spacer\" data-id=\"760b856\" data-element_type=\"widget\" data-e-type=\"widget\" data-widget_type=\"spacer.default\">\n\t\t\t\t<div class=\"elementor-widget-container\">\n\t\t\t\t\t\t\t<div class=\"elementor-spacer\">\n\t\t\t<div class=\"elementor-spacer-inner\"><\/div>\n\t\t<\/div>\n\t\t\t\t\t\t<\/div>\n\t\t\t\t<\/div>\n\t\t\t\t<\/div>\n\t\t\t\t\t<\/div>\n\t\t\t\t<\/div>\n\t\t<div class=\"elementor-element elementor-element-a59d86c e-flex e-con-boxed e-con e-parent\" data-id=\"a59d86c\" data-element_type=\"container\" data-e-type=\"container\">\n\t\t\t\t\t<div class=\"e-con-inner\">\n\t\t<div class=\"elementor-element elementor-element-7222587 e-con-full e-flex e-con e-child\" data-id=\"7222587\" data-element_type=\"container\" data-e-type=\"container\">\n\t\t<div class=\"elementor-element elementor-element-e14eaa6 e-con-full e-flex e-con e-child\" data-id=\"e14eaa6\" data-element_type=\"container\" data-e-type=\"container\">\n\t\t\t\t<div class=\"elementor-element elementor-element-63af7c3 elementor-icon-list--layout-traditional elementor-list-item-link-full_width elementor-widget elementor-widget-icon-list\" data-id=\"63af7c3\" data-element_type=\"widget\" data-e-type=\"widget\" data-widget_type=\"icon-list.default\">\n\t\t\t\t<div class=\"elementor-widget-container\">\n\t\t\t\t\t\t\t<ul class=\"elementor-icon-list-items\">\n\t\t\t\t\t\t\t<li class=\"elementor-icon-list-item\">\n\t\t\t\t\t\t\t\t\t\t\t<span class=\"elementor-icon-list-icon\">\n\t\t\t\t\t\t\t<svg xmlns=\"http:\/\/www.w3.org\/2000\/svg\" xmlns:xlink=\"http:\/\/www.w3.org\/1999\/xlink\" width=\"24\" height=\"24\" viewBox=\"0 0 24 24\" fill=\"none\"><rect width=\"24\" height=\"24\" fill=\"url(#pattern0_6_36)\"><\/rect><defs><pattern id=\"pattern0_6_36\" patternContentUnits=\"objectBoundingBox\" width=\"1\" height=\"1\"><use xlink:href=\"#image0_6_36\" transform=\"translate(-0.0078125) scale(0.015625)\"><\/use><\/pattern><image id=\"image0_6_36\" width=\"65\" height=\"64\" preserveAspectRatio=\"none\" xlink:href=\"data:image\/png;base64,iVBORw0KGgoAAAANSUhEUgAAAEEAAABACAYAAABFqxrgAAAACXBIWXMAAAsSAAALEgHS3X78AAAE4ElEQVR4nNWbT3LqRhDGf4\/yHrLTLlqrVGVyAvNOEHIC804QbhByA94Jgk8QcoInnyBQpdI2YqclnMBZzABCltCo1SOXvyoWxpqe0Uf\/m+meL29vb3wEijiaA9PK17sgzbZDr+XLkCQUcTQBlvYzbnjsAKyDNFsPta7BSCjiaAokNL98FS9Bmi28LaiE0RCTCAgAeC7iaONlQRV41wRrAjndCCjja5BmidqCajCEJqyREwDGf3iFV00o4igE\/lMQ9VOQZkcFObXwrQlzJTnVUKqKz0LCRElOLR58Cgc2mKjQF95MAYQ+wXr8mf1M7afq\/A7AQsuzF3E0w2hWnWkkwA5IJL7DmQTr5ObAAnh0lH8I0izsuqiauefA346P7zEauA3SLHcZ0EpCEUcLzIs\/OS6iit5xvoijHe7El\/ECrNrIaCTBqt8G+FkweRmvQZrNpIOVwuwLsGwyldroUMTRGvhBfwIAniyhUmhspJ6BvGkd70go4mgJ\/K4wcRkb60w7wZrir0prGAM\/rMwb3JiDVb0d\/dLcJuyBmav3LuJoBfzhYR0AvwRptjv\/UdWEFX4IAOPYkjbTKOJoUcRRjj8CwPi6Cy6aoLDb64I9RuPy0ncz6vMNX\/jtfIpVzhjnAy7gEVnI08Qc2MKtOWjl+Z8Fl\/ctkzAbfh0fivHZPz3A5fhLyxT2mA3PEWP3ZdR9V8WU97vGCdc9Q4hO\/gLmh08eSn9IccJElaQcdnogcXnI\/nBT+qX0U7g6RumhxQkT+zVevhPsnDtMIrbBZIVdEcKVhFC4lmUTATb11j4RWjcUZ5bIotsjXEmQqNMhSLPNnf9PhXLvYVX3ZZBmR0t65wSriKNwJMnpLdo2NrlQrhQb4bhwhFxlk5b\/50K5jbh3LmHPDPYCsRPpQevJwRl6PRdsgKSYOx0hC48u0UA7Yrz6mlOqCYOHREfkkkFSElpV3UP9sJV4Yb4ylTrGj9AEXz5mMkJW3XFdkIsduyL3Necg\/QlKyH0J9k2CptnkirJu4JsENTt2rSZJ4JuEXEnOSUlOLT4LCV6j0WchwSukJDjlFop2nHR4tvP2XUpCl9zCqz0r4DhC1kkSdnhWw56dZNgyYmfZXs1BEa6hVrQuKQmPHU6kEuEcZbhqk5iERDKQAYs1HfqQJFU0sTmAe6dp0mMOMA1grbD+QFLfPI6QO66+HSiuyB2fk7b\/5iOratIwtrWVoHvoGx1aTcF2n4i6a4I0y8\/mIF3oGPi3iKNNExkKPclNxZ2JbehIgL+Esl\/hWnzZ0a9Q8oy5n3CyshJumyv\/bBjnUqDdwaX2OMc45BCdomwOVxISdJq1xhgyL4QWcfSK6WzNpUKLONqi18BVxg6ueULiYYIznpDXOs\/ddD4IgHKnilXZfzxNBP0yTF8d7oezdpbzBEn1xhV9XmSmtYgKLrXUCwm2wuyUmAgQ9hjrQxNOlAq41YzR132jsMdYH11ui3LoviHBNkB89zCp6NcUbo3b8L3a6PFu7xCk2ZLmuC6F9NcMNReBuXD6TttrN1BBmq2Aryj6CGEzyExp+hPwrenGbeMuMkizxN5a+YZOOU0SJvs6xRNGq8N7rUWtF8Hs4E3p+s8M80JavYT3ICHugEn+tq438HtdDi1tpWd3Hjsj6Vqut7vDsOWxy\/5D2g7wPxvqnK172esiAAAAAElFTkSuQmCC\"><\/image><\/defs><\/svg>\t\t\t\t\t\t<\/span>\n\t\t\t\t\t\t\t\t\t\t<span class=\"elementor-icon-list-text\">\u00c9L\u00c9MENTS ET KITS DE SELLETTE D'ATTELAGE<\/span>\n\t\t\t\t\t\t\t\t\t<\/li>\n\t\t\t\t\t\t<\/ul>\n\t\t\t\t\t\t<\/div>\n\t\t\t\t<\/div>\n\t\t\t\t<div class=\"elementor-element elementor-element-95ab271 elementor-widget__width-initial elementor-widget elementor-widget-spacer\" data-id=\"95ab271\" data-element_type=\"widget\" data-e-type=\"widget\" data-widget_type=\"spacer.default\">\n\t\t\t\t<div class=\"elementor-widget-container\">\n\t\t\t\t\t\t\t<div class=\"elementor-spacer\">\n\t\t\t<div class=\"elementor-spacer-inner\"><\/div>\n\t\t<\/div>\n\t\t\t\t\t\t<\/div>\n\t\t\t\t<\/div>\n\t\t\t\t<div class=\"elementor-element elementor-element-f4d7373 elementor-invisible elementor-widget elementor-widget-text-editor\" data-id=\"f4d7373\" data-element_type=\"widget\" data-e-type=\"widget\" data-settings=\"{&quot;_animation&quot;:&quot;fadeInLeft&quot;,&quot;_animation_delay&quot;:200}\" data-widget_type=\"text-editor.default\">\n\t\t\t\t<div class=\"elementor-widget-container\">\n\t\t\t\t\t\t\t\t\t<p>Chez Industrias Onyarbi, nous proposons une large gamme d&rsquo;\u00e9l\u00e9ments et de kits de r\u00e9paration pour cinqui\u00e8mes roues, compatibles avec les principaux fabricants internationaux tels que FRUEHAUF, JOST, GEORG FISCHER (+GF+), YORK-BIG D, SIMPLEX, FONTAINE (VBG) et HOLLAND. Nos produits sont con\u00e7us pour garantir un couplage s\u00fbr, des performances durables et une fiabilit\u00e9 op\u00e9rationnelle maximale dans des environnements de transport exigeants. <\/p><p>Important : en raison d&rsquo;exigences l\u00e9gales sp\u00e9cifiques, nous ne proposons pas \u00e0 la vente en R\u00e9publique f\u00e9d\u00e9rale d&rsquo;Allemagne des pi\u00e8ces de rechange ou des kits de r\u00e9paration pour sellettes d&rsquo;attelage n\u00e9cessitant une homologation conform\u00e9ment \u00e0 l&rsquo;article 22, paragraphe 1, n\u00b0 6 du r\u00e8glement allemand StVZO. Toutes les informations disponibles sur notre site web et dans notre catalogue concernant ces produits sont destin\u00e9es exclusivement \u00e0 des consultations effectu\u00e9es en dehors de l&rsquo;Allemagne. <\/p>\t\t\t\t\t\t\t\t<\/div>\n\t\t\t\t<\/div>\n\t\t\t\t<div class=\"elementor-element elementor-element-dfcccb7 elementor-icon-list--layout-traditional elementor-list-item-link-full_width elementor-invisible elementor-widget elementor-widget-icon-list\" data-id=\"dfcccb7\" data-element_type=\"widget\" data-e-type=\"widget\" data-settings=\"{&quot;_animation&quot;:&quot;fadeInLeft&quot;,&quot;_animation_delay&quot;:400}\" data-widget_type=\"icon-list.default\">\n\t\t\t\t<div class=\"elementor-widget-container\">\n\t\t\t\t\t\t\t<ul class=\"elementor-icon-list-items\">\n\t\t\t\t\t\t\t<li class=\"elementor-icon-list-item\">\n\t\t\t\t\t\t\t\t\t\t\t<a href=\"https:\/\/onyarbi.com\/fr\/buscador?v=TYPE=FIFTH%20WHEEL%20COMPONENTS|BRAND=FRUEHAUF\">\n\n\t\t\t\t\t\t\t\t\t\t\t\t<span class=\"elementor-icon-list-icon\">\n\t\t\t\t\t\t\t<svg aria-hidden=\"true\" class=\"e-font-icon-svg e-fas-circle\" viewBox=\"0 0 512 512\" xmlns=\"http:\/\/www.w3.org\/2000\/svg\"><path d=\"M256 8C119 8 8 119 8 256s111 248 248 248 248-111 248-248S393 8 256 8z\"><\/path><\/svg>\t\t\t\t\t\t<\/span>\n\t\t\t\t\t\t\t\t\t\t<span class=\"elementor-icon-list-text\"><strong>FRUEHAUF<\/strong><\/span>\n\t\t\t\t\t\t\t\t\t\t\t<\/a>\n\t\t\t\t\t\t\t\t\t<\/li>\n\t\t\t\t\t\t\t\t<li class=\"elementor-icon-list-item\">\n\t\t\t\t\t\t\t\t\t\t\t<a href=\"https:\/\/onyarbi.com\/fr\/buscador?v=TYPE=FIFTH%20WHEEL%20COMPONENTS|BRAND=JOST\">\n\n\t\t\t\t\t\t\t\t\t\t\t\t<span class=\"elementor-icon-list-icon\">\n\t\t\t\t\t\t\t<svg aria-hidden=\"true\" class=\"e-font-icon-svg e-fas-circle\" viewBox=\"0 0 512 512\" xmlns=\"http:\/\/www.w3.org\/2000\/svg\"><path d=\"M256 8C119 8 8 119 8 256s111 248 248 248 248-111 248-248S393 8 256 8z\"><\/path><\/svg>\t\t\t\t\t\t<\/span>\n\t\t\t\t\t\t\t\t\t\t<span class=\"elementor-icon-list-text\"><strong>JOST<\/strong><\/span>\n\t\t\t\t\t\t\t\t\t\t\t<\/a>\n\t\t\t\t\t\t\t\t\t<\/li>\n\t\t\t\t\t\t\t\t<li class=\"elementor-icon-list-item\">\n\t\t\t\t\t\t\t\t\t\t\t<a href=\"https:\/\/onyarbi.com\/fr\/buscador?v=TYPE=FIFTH%20WHEEL%20COMPONENTS|BRAND=GF\">\n\n\t\t\t\t\t\t\t\t\t\t\t\t<span class=\"elementor-icon-list-icon\">\n\t\t\t\t\t\t\t<svg aria-hidden=\"true\" class=\"e-font-icon-svg e-fas-circle\" viewBox=\"0 0 512 512\" xmlns=\"http:\/\/www.w3.org\/2000\/svg\"><path d=\"M256 8C119 8 8 119 8 256s111 248 248 248 248-111 248-248S393 8 256 8z\"><\/path><\/svg>\t\t\t\t\t\t<\/span>\n\t\t\t\t\t\t\t\t\t\t<span class=\"elementor-icon-list-text\"><strong>GEORG FISCHER (+GF+)<\/strong><\/span>\n\t\t\t\t\t\t\t\t\t\t\t<\/a>\n\t\t\t\t\t\t\t\t\t<\/li>\n\t\t\t\t\t\t\t\t<li class=\"elementor-icon-list-item\">\n\t\t\t\t\t\t\t\t\t\t\t<a href=\"https:\/\/onyarbi.com\/fr\/buscador?v=TYPE=FIFTH%20WHEEL%20COMPONENTS|BRAND=SIMPLEX\">\n\n\t\t\t\t\t\t\t\t\t\t\t\t<span class=\"elementor-icon-list-icon\">\n\t\t\t\t\t\t\t<svg aria-hidden=\"true\" class=\"e-font-icon-svg e-fas-circle\" viewBox=\"0 0 512 512\" xmlns=\"http:\/\/www.w3.org\/2000\/svg\"><path d=\"M256 8C119 8 8 119 8 256s111 248 248 248 248-111 248-248S393 8 256 8z\"><\/path><\/svg>\t\t\t\t\t\t<\/span>\n\t\t\t\t\t\t\t\t\t\t<span class=\"elementor-icon-list-text\"><strong>SIMPLEX<\/strong><\/span>\n\t\t\t\t\t\t\t\t\t\t\t<\/a>\n\t\t\t\t\t\t\t\t\t<\/li>\n\t\t\t\t\t\t\t\t<li class=\"elementor-icon-list-item\">\n\t\t\t\t\t\t\t\t\t\t\t<a href=\"https:\/\/onyarbi.com\/fr\/buscador?v=TYPE=FIFTH%20WHEEL%20COMPONENTS|BRAND=FONTAINE\">\n\n\t\t\t\t\t\t\t\t\t\t\t\t<span class=\"elementor-icon-list-icon\">\n\t\t\t\t\t\t\t<svg aria-hidden=\"true\" class=\"e-font-icon-svg e-fas-circle\" viewBox=\"0 0 512 512\" xmlns=\"http:\/\/www.w3.org\/2000\/svg\"><path d=\"M256 8C119 8 8 119 8 256s111 248 248 248 248-111 248-248S393 8 256 8z\"><\/path><\/svg>\t\t\t\t\t\t<\/span>\n\t\t\t\t\t\t\t\t\t\t<span class=\"elementor-icon-list-text\"><strong>FONTAINE (VBG)<\/strong><\/span>\n\t\t\t\t\t\t\t\t\t\t\t<\/a>\n\t\t\t\t\t\t\t\t\t<\/li>\n\t\t\t\t\t\t\t\t<li class=\"elementor-icon-list-item\">\n\t\t\t\t\t\t\t\t\t\t\t<a href=\"https:\/\/onyarbi.com\/fr\/buscador?v=TYPE=FIFTH%20WHEEL%20COMPONENTS|BRAND=SAF\">\n\n\t\t\t\t\t\t\t\t\t\t\t\t<span class=\"elementor-icon-list-icon\">\n\t\t\t\t\t\t\t<svg aria-hidden=\"true\" class=\"e-font-icon-svg e-fas-circle\" viewBox=\"0 0 512 512\" xmlns=\"http:\/\/www.w3.org\/2000\/svg\"><path d=\"M256 8C119 8 8 119 8 256s111 248 248 248 248-111 248-248S393 8 256 8z\"><\/path><\/svg>\t\t\t\t\t\t<\/span>\n\t\t\t\t\t\t\t\t\t\t<span class=\"elementor-icon-list-text\"><strong>SAF<\/strong><\/span>\n\t\t\t\t\t\t\t\t\t\t\t<\/a>\n\t\t\t\t\t\t\t\t\t<\/li>\n\t\t\t\t\t\t<\/ul>\n\t\t\t\t\t\t<\/div>\n\t\t\t\t<\/div>\n\t\t\t\t<\/div>\n\t\t<div class=\"elementor-element elementor-element-39f7342 e-con-full e-flex e-con e-child\" data-id=\"39f7342\" data-element_type=\"container\" data-e-type=\"container\">\n\t\t<div class=\"elementor-element elementor-element-e3144e0 e-con-full e-flex e-con e-child\" data-id=\"e3144e0\" data-element_type=\"container\" data-e-type=\"container\" data-settings=\"{&quot;background_background&quot;:&quot;classic&quot;}\">\n\t\t\t\t<\/div>\n\t\t\t\t<\/div>\n\t\t\t\t<\/div>\n\t\t\t\t\t<\/div>\n\t\t\t\t<\/div>\n\t\t<div class=\"elementor-element elementor-element-c9d4447 e-flex e-con-boxed e-con e-parent\" data-id=\"c9d4447\" data-element_type=\"container\" data-e-type=\"container\">\n\t\t\t\t\t<div class=\"e-con-inner\">\n\t\t<div class=\"elementor-element elementor-element-f186c1d e-con-full e-flex e-con e-child\" data-id=\"f186c1d\" data-element_type=\"container\" data-e-type=\"container\">\n\t\t<div class=\"elementor-element elementor-element-fc62958 e-con-full e-flex e-con e-child\" data-id=\"fc62958\" data-element_type=\"container\" data-e-type=\"container\">\n\t\t\t\t<div class=\"elementor-element elementor-element-8f0f60c elementor-icon-list--layout-traditional elementor-list-item-link-full_width elementor-widget elementor-widget-icon-list\" data-id=\"8f0f60c\" data-element_type=\"widget\" data-e-type=\"widget\" data-widget_type=\"icon-list.default\">\n\t\t\t\t<div class=\"elementor-widget-container\">\n\t\t\t\t\t\t\t<ul class=\"elementor-icon-list-items\">\n\t\t\t\t\t\t\t<li class=\"elementor-icon-list-item\">\n\t\t\t\t\t\t\t\t\t\t\t<span class=\"elementor-icon-list-icon\">\n\t\t\t\t\t\t\t<svg xmlns=\"http:\/\/www.w3.org\/2000\/svg\" xmlns:xlink=\"http:\/\/www.w3.org\/1999\/xlink\" width=\"24\" height=\"24\" viewBox=\"0 0 24 24\" fill=\"none\"><rect width=\"24\" height=\"24\" fill=\"url(#pattern0_6_36)\"><\/rect><defs><pattern id=\"pattern0_6_36\" patternContentUnits=\"objectBoundingBox\" width=\"1\" height=\"1\"><use xlink:href=\"#image0_6_36\" transform=\"translate(-0.0078125) scale(0.015625)\"><\/use><\/pattern><image id=\"image0_6_36\" width=\"65\" height=\"64\" preserveAspectRatio=\"none\" xlink:href=\"data:image\/png;base64,iVBORw0KGgoAAAANSUhEUgAAAEEAAABACAYAAABFqxrgAAAACXBIWXMAAAsSAAALEgHS3X78AAAE4ElEQVR4nNWbT3LqRhDGf4\/yHrLTLlqrVGVyAvNOEHIC804QbhByA94Jgk8QcoInnyBQpdI2YqclnMBZzABCltCo1SOXvyoWxpqe0Uf\/m+meL29vb3wEijiaA9PK17sgzbZDr+XLkCQUcTQBlvYzbnjsAKyDNFsPta7BSCjiaAokNL98FS9Bmi28LaiE0RCTCAgAeC7iaONlQRV41wRrAjndCCjja5BmidqCajCEJqyREwDGf3iFV00o4igE\/lMQ9VOQZkcFObXwrQlzJTnVUKqKz0LCRElOLR58Cgc2mKjQF95MAYQ+wXr8mf1M7afq\/A7AQsuzF3E0w2hWnWkkwA5IJL7DmQTr5ObAAnh0lH8I0izsuqiauefA346P7zEauA3SLHcZ0EpCEUcLzIs\/OS6iit5xvoijHe7El\/ECrNrIaCTBqt8G+FkweRmvQZrNpIOVwuwLsGwyldroUMTRGvhBfwIAniyhUmhspJ6BvGkd70go4mgJ\/K4wcRkb60w7wZrir0prGAM\/rMwb3JiDVb0d\/dLcJuyBmav3LuJoBfzhYR0AvwRptjv\/UdWEFX4IAOPYkjbTKOJoUcRRjj8CwPi6Cy6aoLDb64I9RuPy0ncz6vMNX\/jtfIpVzhjnAy7gEVnI08Qc2MKtOWjl+Z8Fl\/ctkzAbfh0fivHZPz3A5fhLyxT2mA3PEWP3ZdR9V8WU97vGCdc9Q4hO\/gLmh08eSn9IccJElaQcdnogcXnI\/nBT+qX0U7g6RumhxQkT+zVevhPsnDtMIrbBZIVdEcKVhFC4lmUTATb11j4RWjcUZ5bIotsjXEmQqNMhSLPNnf9PhXLvYVX3ZZBmR0t65wSriKNwJMnpLdo2NrlQrhQb4bhwhFxlk5b\/50K5jbh3LmHPDPYCsRPpQevJwRl6PRdsgKSYOx0hC48u0UA7Yrz6mlOqCYOHREfkkkFSElpV3UP9sJV4Yb4ylTrGj9AEXz5mMkJW3XFdkIsduyL3Necg\/QlKyH0J9k2CptnkirJu4JsENTt2rSZJ4JuEXEnOSUlOLT4LCV6j0WchwSukJDjlFop2nHR4tvP2XUpCl9zCqz0r4DhC1kkSdnhWw56dZNgyYmfZXs1BEa6hVrQuKQmPHU6kEuEcZbhqk5iERDKQAYs1HfqQJFU0sTmAe6dp0mMOMA1grbD+QFLfPI6QO66+HSiuyB2fk7b\/5iOratIwtrWVoHvoGx1aTcF2n4i6a4I0y8\/mIF3oGPi3iKNNExkKPclNxZ2JbehIgL+Esl\/hWnzZ0a9Q8oy5n3CyshJumyv\/bBjnUqDdwaX2OMc45BCdomwOVxISdJq1xhgyL4QWcfSK6WzNpUKLONqi18BVxg6ueULiYYIznpDXOs\/ddD4IgHKnilXZfzxNBP0yTF8d7oezdpbzBEn1xhV9XmSmtYgKLrXUCwm2wuyUmAgQ9hjrQxNOlAq41YzR132jsMdYH11ui3LoviHBNkB89zCp6NcUbo3b8L3a6PFu7xCk2ZLmuC6F9NcMNReBuXD6TttrN1BBmq2Aryj6CGEzyExp+hPwrenGbeMuMkizxN5a+YZOOU0SJvs6xRNGq8N7rUWtF8Hs4E3p+s8M80JavYT3ICHugEn+tq438HtdDi1tpWd3Hjsj6Vqut7vDsOWxy\/5D2g7wPxvqnK172esiAAAAAElFTkSuQmCC\"><\/image><\/defs><\/svg>\t\t\t\t\t\t<\/span>\n\t\t\t\t\t\t\t\t\t\t<span class=\"elementor-icon-list-text\">PIVOTS D'ATTELAGE<\/span>\n\t\t\t\t\t\t\t\t\t<\/li>\n\t\t\t\t\t\t<\/ul>\n\t\t\t\t\t\t<\/div>\n\t\t\t\t<\/div>\n\t\t\t\t<div class=\"elementor-element elementor-element-46a5207 elementor-widget__width-initial elementor-widget elementor-widget-spacer\" data-id=\"46a5207\" data-element_type=\"widget\" data-e-type=\"widget\" data-widget_type=\"spacer.default\">\n\t\t\t\t<div class=\"elementor-widget-container\">\n\t\t\t\t\t\t\t<div class=\"elementor-spacer\">\n\t\t\t<div class=\"elementor-spacer-inner\"><\/div>\n\t\t<\/div>\n\t\t\t\t\t\t<\/div>\n\t\t\t\t<\/div>\n\t\t\t\t<div class=\"elementor-element elementor-element-c1c7140 elementor-invisible elementor-widget elementor-widget-text-editor\" data-id=\"c1c7140\" data-element_type=\"widget\" data-e-type=\"widget\" data-settings=\"{&quot;_animation&quot;:&quot;fadeInLeft&quot;,&quot;_animation_delay&quot;:200}\" data-widget_type=\"text-editor.default\">\n\t\t\t\t<div class=\"elementor-widget-container\">\n\t\t\t\t\t\t\t\t\t<p>Chez Industrias Onyarbi, nous proposons une gamme sp\u00e9cialis\u00e9e de pivots d&rsquo;attelage pour semi-remorques, fabriqu\u00e9s \u00e0 partir de mat\u00e9riaux hautement r\u00e9sistants et con\u00e7us pour garantir une connexion s\u00fbre, pr\u00e9cise et durable entre la sellette d&rsquo;attelage et la semi-remorque.<\/p><p>Nous proposons des mod\u00e8les \u00e0 plateau de 2 pouces, \u00e0 plateau de 3 \u00bd pouces et coniques de 2 pouces, tous fabriqu\u00e9s selon les normes internationales et adapt\u00e9s \u00e0 diff\u00e9rentes configurations de charge et types d&rsquo;op\u00e9rations dans le transport industriel.<\/p>\t\t\t\t\t\t\t\t<\/div>\n\t\t\t\t<\/div>\n\t\t\t\t<div class=\"elementor-element elementor-element-1132772 elementor-icon-list--layout-traditional elementor-list-item-link-full_width elementor-invisible elementor-widget elementor-widget-icon-list\" data-id=\"1132772\" data-element_type=\"widget\" data-e-type=\"widget\" data-settings=\"{&quot;_animation&quot;:&quot;fadeInLeft&quot;,&quot;_animation_delay&quot;:400}\" data-widget_type=\"icon-list.default\">\n\t\t\t\t<div class=\"elementor-widget-container\">\n\t\t\t\t\t\t\t<ul class=\"elementor-icon-list-items\">\n\t\t\t\t\t\t\t<li class=\"elementor-icon-list-item\">\n\t\t\t\t\t\t\t\t\t\t\t<a href=\"https:\/\/onyarbi.com\/fr\/buscador?q=90.27\">\n\n\t\t\t\t\t\t\t\t\t\t\t\t<span class=\"elementor-icon-list-icon\">\n\t\t\t\t\t\t\t<svg aria-hidden=\"true\" class=\"e-font-icon-svg e-fas-circle\" viewBox=\"0 0 512 512\" xmlns=\"http:\/\/www.w3.org\/2000\/svg\"><path d=\"M256 8C119 8 8 119 8 256s111 248 248 248 248-111 248-248S393 8 256 8z\"><\/path><\/svg>\t\t\t\t\t\t<\/span>\n\t\t\t\t\t\t\t\t\t\t<span class=\"elementor-icon-list-text\"><strong>PLATEAU 2\"<\/strong><\/span>\n\t\t\t\t\t\t\t\t\t\t\t<\/a>\n\t\t\t\t\t\t\t\t\t<\/li>\n\t\t\t\t\t\t\t\t<li class=\"elementor-icon-list-item\">\n\t\t\t\t\t\t\t\t\t\t\t<a href=\"https:\/\/onyarbi.com\/fr\/buscador?q=90.37\">\n\n\t\t\t\t\t\t\t\t\t\t\t\t<span class=\"elementor-icon-list-icon\">\n\t\t\t\t\t\t\t<svg aria-hidden=\"true\" class=\"e-font-icon-svg e-fas-circle\" viewBox=\"0 0 512 512\" xmlns=\"http:\/\/www.w3.org\/2000\/svg\"><path d=\"M256 8C119 8 8 119 8 256s111 248 248 248 248-111 248-248S393 8 256 8z\"><\/path><\/svg>\t\t\t\t\t\t<\/span>\n\t\t\t\t\t\t\t\t\t\t<span class=\"elementor-icon-list-text\"><strong>PLATEAU 3 \u00bd\"<\/strong><\/span>\n\t\t\t\t\t\t\t\t\t\t\t<\/a>\n\t\t\t\t\t\t\t\t\t<\/li>\n\t\t\t\t\t\t\t\t<li class=\"elementor-icon-list-item\">\n\t\t\t\t\t\t\t\t\t\t\t<a href=\"https:\/\/onyarbi.com\/fr\/buscador?v=TYPE_ITEM=KING%20PINS%20%26%20KING%20PIN%20SET|AR_Ref=90.17\">\n\n\t\t\t\t\t\t\t\t\t\t\t\t<span class=\"elementor-icon-list-icon\">\n\t\t\t\t\t\t\t<svg aria-hidden=\"true\" class=\"e-font-icon-svg e-fas-circle\" viewBox=\"0 0 512 512\" xmlns=\"http:\/\/www.w3.org\/2000\/svg\"><path d=\"M256 8C119 8 8 119 8 256s111 248 248 248 248-111 248-248S393 8 256 8z\"><\/path><\/svg>\t\t\t\t\t\t<\/span>\n\t\t\t\t\t\t\t\t\t\t<span class=\"elementor-icon-list-text\"><strong>CONIQUES 2\"<\/strong><\/span>\n\t\t\t\t\t\t\t\t\t\t\t<\/a>\n\t\t\t\t\t\t\t\t\t<\/li>\n\t\t\t\t\t\t<\/ul>\n\t\t\t\t\t\t<\/div>\n\t\t\t\t<\/div>\n\t\t\t\t<\/div>\n\t\t<div class=\"elementor-element elementor-element-38ee42e e-con-full e-flex e-con e-child\" data-id=\"38ee42e\" data-element_type=\"container\" data-e-type=\"container\">\n\t\t<div class=\"elementor-element elementor-element-744db82 e-con-full e-flex e-con e-child\" data-id=\"744db82\" data-element_type=\"container\" data-e-type=\"container\" data-settings=\"{&quot;background_background&quot;:&quot;classic&quot;}\">\n\t\t\t\t<\/div>\n\t\t\t\t<\/div>\n\t\t\t\t<\/div>\n\t\t\t\t\t<\/div>\n\t\t\t\t<\/div>\n\t\t<div class=\"elementor-element elementor-element-b1dc2a0 e-flex e-con-boxed e-con e-parent\" data-id=\"b1dc2a0\" data-element_type=\"container\" data-e-type=\"container\">\n\t\t\t\t\t<div class=\"e-con-inner\">\n\t\t\t\t<div class=\"elementor-element elementor-element-8fa9849 elementor-widget elementor-widget-text-editor\" data-id=\"8fa9849\" data-element_type=\"widget\" data-e-type=\"widget\" data-widget_type=\"text-editor.default\">\n\t\t\t\t<div class=\"elementor-widget-container\">\n\t\t\t\t\t\t\t\t\t<p><em>* Les marques, les symboles et les r\u00e9f\u00e9rences du constructeur d&rsquo;origine sont signal\u00e9s pour rendre plus facile leur identification et cela ne signifie pas qu&rsquo;il s&rsquo;agit ce celles-ci.<\/em><\/p>\t\t\t\t\t\t\t\t<\/div>\n\t\t\t\t<\/div>\n\t\t\t\t\t<\/div>\n\t\t\t\t<\/div>\n\t\t\t\t<\/div>\n\t\t","protected":false},"excerpt":{"rendered":"<p>Sellettes d&rsquo;attelage et syst\u00e8mes d&rsquo;attelage Composants, kits de r\u00e9paration et axes de pivot pour les principales marques du secteur. \u00c9L\u00c9MENTS ET KITS DE SELLETTE D&rsquo;ATTELAGE Chez Industrias Onyarbi, nous proposons une large gamme d&rsquo;\u00e9l\u00e9ments et de kits de r\u00e9paration pour cinqui\u00e8mes roues, compatibles avec les principaux fabricants internationaux tels que FRUEHAUF, JOST, GEORG FISCHER (+GF+), [&hellip;]<\/p>\n","protected":false},"author":1,"featured_media":0,"parent":1393,"menu_order":0,"comment_status":"closed","ping_status":"closed","template":"","meta":{"_acf_changed":false,"footnotes":""},"class_list":["post-1378","page","type-page","status-publish","hentry"],"acf":[],"_links":{"self":[{"href":"https:\/\/onyarbi.com\/fr\/wp-json\/wp\/v2\/pages\/1378","targetHints":{"allow":["GET"]}}],"collection":[{"href":"https:\/\/onyarbi.com\/fr\/wp-json\/wp\/v2\/pages"}],"about":[{"href":"https:\/\/onyarbi.com\/fr\/wp-json\/wp\/v2\/types\/page"}],"author":[{"embeddable":true,"href":"https:\/\/onyarbi.com\/fr\/wp-json\/wp\/v2\/users\/1"}],"replies":[{"embeddable":true,"href":"https:\/\/onyarbi.com\/fr\/wp-json\/wp\/v2\/comments?post=1378"}],"version-history":[{"count":6,"href":"https:\/\/onyarbi.com\/fr\/wp-json\/wp\/v2\/pages\/1378\/revisions"}],"predecessor-version":[{"id":3795,"href":"https:\/\/onyarbi.com\/fr\/wp-json\/wp\/v2\/pages\/1378\/revisions\/3795"}],"up":[{"embeddable":true,"href":"https:\/\/onyarbi.com\/fr\/wp-json\/wp\/v2\/pages\/1393"}],"wp:attachment":[{"href":"https:\/\/onyarbi.com\/fr\/wp-json\/wp\/v2\/media?parent=1378"}],"curies":[{"name":"wp","href":"https:\/\/api.w.org\/{rel}","templated":true}]}}