{"id":1386,"date":"2025-06-13T11:10:59","date_gmt":"2025-06-13T09:10:59","guid":{"rendered":"https:\/\/onyarbi.com\/_nueva\/avis-juridique\/"},"modified":"2025-10-07T10:37:45","modified_gmt":"2025-10-07T08:37:45","slug":"avis-juridique","status":"publish","type":"page","link":"https:\/\/onyarbi.com\/fr\/avis-juridique\/","title":{"rendered":"Avis juridique"},"content":{"rendered":"\t\t<div data-elementor-type=\"wp-page\" data-elementor-id=\"1386\" class=\"elementor elementor-1386 elementor-1185\" data-elementor-post-type=\"page\">\n\t\t\t\t<div class=\"elementor-element elementor-element-14346f9 e-flex e-con-boxed e-con e-parent\" data-id=\"14346f9\" data-element_type=\"container\" data-e-type=\"container\" data-settings=\"{&quot;background_background&quot;:&quot;classic&quot;}\">\n\t\t\t\t\t<div class=\"e-con-inner\">\n\t\t\t\t<div class=\"elementor-element elementor-element-637bafe elementor-widget elementor-widget-heading\" data-id=\"637bafe\" data-element_type=\"widget\" data-e-type=\"widget\" data-widget_type=\"heading.default\">\n\t\t\t\t<div class=\"elementor-widget-container\">\n\t\t\t\t\t<h1 class=\"elementor-heading-title elementor-size-default\">Avis juridique<\/h1>\t\t\t\t<\/div>\n\t\t\t\t<\/div>\n\t\t\t\t\t<\/div>\n\t\t\t\t<\/div>\n\t\t<div class=\"elementor-element elementor-element-10348c0 e-flex e-con-boxed e-con e-parent\" data-id=\"10348c0\" data-element_type=\"container\" data-e-type=\"container\">\n\t\t\t\t\t<div class=\"e-con-inner\">\n\t\t\t\t<div class=\"elementor-element elementor-element-508a342 elementor-widget elementor-widget-text-editor\" data-id=\"508a342\" data-element_type=\"widget\" data-e-type=\"widget\" data-widget_type=\"text-editor.default\">\n\t\t\t\t<div class=\"elementor-widget-container\">\n\t\t\t\t\t\t\t\t\t<p>Dans <strong>INDUSTRIAS ONYARBI<\/strong> nous sommes particuli\u00e8rement pr\u00e9occup\u00e9s par la s\u00e9curit\u00e9 et d&rsquo;assurer la confidentialit\u00e9 des donn\u00e9es fournies par nos clients. Dans tous les cas <strong>INDUSTRIAS ONYARBI<\/strong> stockera dans un fichier, essayez ou utiliser les donn\u00e9es personnelles de ces personnes, dont les gens ont une connaissance sans consentement pr\u00e9alable expr\u00e8s de la personne concern\u00e9e. <strong>INDUSTRIAS ONYARBI<\/strong> se r\u00e9serve le droit de modifier cette politique pour l&rsquo;adapter \u00e0 la nouvelle l\u00e9gislation ou de la jurisprudence ainsi que les pratiques de l&rsquo;industrie. Dans de tels cas, <strong>INDUSTRIAS ONYARBI<\/strong> annoncera sur cette page change avec un pr\u00e9avis raisonnable avant sa mise en \u0153uvre. Les utilisateurs ont et peuvent exercer les droits d&rsquo;acc\u00e8s, d&rsquo;annulation, de rectification et d&rsquo;opposition des donn\u00e9es express\u00e9ment transf\u00e9r\u00e9es.   <\/p><p> <\/p><h2><strong>1. TITULAIRE DU SITE WEB<\/strong><\/h2><p><strong>INDUSTRIAS ONYARBI<\/strong> est le seul propri\u00e9taire du site, son contenu et les signes distinctifs figurant.<\/p><p> <\/p><h2><strong>2. DROITS DE PROPRI\u00c9T\u00c9 INTELLECTUELLE<\/strong><\/h2><p>Tant le site Web et le contenu et les signes distinctifs qui y apparaissent sont la propri\u00e9t\u00e9 exclusive de <strong>INDUSTRIAS ONYARBI<\/strong> et sont prot\u00e9g\u00e9s par les droits de propri\u00e9t\u00e9 intellectuelle en vertu de la loi castillane, Community et international. La copie, la reproduction, la publication, la distribution ou la publication du contenu de ce site, sous quelque forme ou par tout moyen, et la reproduction, l&rsquo;imitation, la modification ou l&rsquo;utilisation de fant\u00f4mes signe distinctif enregistr\u00e9s en elle, sans le consentement pr\u00e9alable expr\u00e8s de <strong>INDUSTRIAS ONYARBI<\/strong> constituent des crimes contre la propri\u00e9t\u00e9 intellectuelle du code criminel en vertu castillan (loi organique 10\/1995 du 23 Novembre) et donc est strictement interdite. <strong>INDUSTRIAS ONYARBI<\/strong> n\u00b4est pas responsable du contenu des sites Web li\u00e9s ou accessibles \u00e0 partir de ce site Web par des liens hypertextes. L&rsquo;inclusion de liens vers d&rsquo;autres sites Web ne signifie pas l&rsquo;approbation de son contenu ou l&rsquo;existence d&rsquo;une quelconque association avec leurs propri\u00e9taires.   <\/p><p> <\/p><h2><strong>3. LA VIE PRIV\u00c9E DES DONNEES PERSONNELLES<\/strong><\/h2><p><strong>INDUSTRIAS ONYARBI<\/strong> engage \u00e0 ne pas transf\u00e9rer, vendre ou partager des donn\u00e9es personnelles avec des tiers. Les donn\u00e9es ne seront pas utilis\u00e9es autre que la fourniture du service, et sera annul\u00e9 lorsque ne sont plus n\u00e9cessaires \u00e0 cette fin. L&rsquo;utilisateur peut acc\u00e9der \u00e0 l&rsquo;information sur le site sans fournir de donn\u00e9es personnelles. Les \u00abcookies\u00bb ne sont pas install\u00e9s sur vos utilisateurs d&rsquo;ordinateurs.   <\/p><p> <\/p><h2><strong>4. EXON\u00c9RATION DES RESPONSABILIT\u00c9<\/strong><\/h2><p><strong>INDUSTRIAS ONYARBI<\/strong> d\u00e9cline toute responsabilit\u00e9 pour la mauvaise utilisation que les visiteurs du site peuvent effectuer sur le contenu de celui-ci. De m\u00eame, <strong>INDUSTRIAS ONYARBI<\/strong>, commis \u00e0 l&rsquo;am\u00e9lioration continue de ses services, peuvent changer sans pr\u00e9avis, les sp\u00e9cifications et les images de votre site Web ainsi que toute autre information contenue dans ce document, qui ne fait pas l&rsquo;objet d&rsquo;aucune garantie d&rsquo;aucune sorte. <strong>INDUSTRIAS ONYARBI<\/strong> n\u2019 est pas responsable des informations directes ou indirectes qui peuvent causer l&rsquo;exactitude ou la fiabilit\u00e9 de ces informations ou l&rsquo;utilisation de celui-ci peut \u00eatre fait. <\/p><p> <\/p><h2><strong>5.- ACCEPTATION DES CONDITIONS D&rsquo;UTILISATION<\/strong><\/h2><p>En tant que visiteur au contenu du site Web implique l&rsquo;acceptation des termes et conditions d&rsquo;utilisation du site, de la fa\u00e7on dont ils ont \u00e9t\u00e9 exprim\u00e9s dans cette politique de confidentialit\u00e9.<\/p>\t\t\t\t\t\t\t\t<\/div>\n\t\t\t\t<\/div>\n\t\t\t\t\t<\/div>\n\t\t\t\t<\/div>\n\t\t\t\t<\/div>\n\t\t","protected":false},"excerpt":{"rendered":"<p>Avis juridique Dans INDUSTRIAS ONYARBI nous sommes particuli\u00e8rement pr\u00e9occup\u00e9s par la s\u00e9curit\u00e9 et d&rsquo;assurer la confidentialit\u00e9 des donn\u00e9es fournies par nos clients. Dans tous les cas INDUSTRIAS ONYARBI stockera dans un fichier, essayez ou utiliser les donn\u00e9es personnelles de ces personnes, dont les gens ont une connaissance sans consentement pr\u00e9alable expr\u00e8s de la personne concern\u00e9e. [&hellip;]<\/p>\n","protected":false},"author":1,"featured_media":0,"parent":0,"menu_order":0,"comment_status":"closed","ping_status":"closed","template":"","meta":{"_acf_changed":false,"footnotes":""},"class_list":["post-1386","page","type-page","status-publish","hentry"],"acf":[],"_links":{"self":[{"href":"https:\/\/onyarbi.com\/fr\/wp-json\/wp\/v2\/pages\/1386","targetHints":{"allow":["GET"]}}],"collection":[{"href":"https:\/\/onyarbi.com\/fr\/wp-json\/wp\/v2\/pages"}],"about":[{"href":"https:\/\/onyarbi.com\/fr\/wp-json\/wp\/v2\/types\/page"}],"author":[{"embeddable":true,"href":"https:\/\/onyarbi.com\/fr\/wp-json\/wp\/v2\/users\/1"}],"replies":[{"embeddable":true,"href":"https:\/\/onyarbi.com\/fr\/wp-json\/wp\/v2\/comments?post=1386"}],"version-history":[{"count":2,"href":"https:\/\/onyarbi.com\/fr\/wp-json\/wp\/v2\/pages\/1386\/revisions"}],"predecessor-version":[{"id":3959,"href":"https:\/\/onyarbi.com\/fr\/wp-json\/wp\/v2\/pages\/1386\/revisions\/3959"}],"wp:attachment":[{"href":"https:\/\/onyarbi.com\/fr\/wp-json\/wp\/v2\/media?parent=1386"}],"curies":[{"name":"wp","href":"https:\/\/api.w.org\/{rel}","templated":true}]}}