{"id":1390,"date":"2025-02-14T09:49:11","date_gmt":"2025-02-14T08:49:11","guid":{"rendered":"https:\/\/onyarbi.com\/_nueva\/politique-de-confidentialite\/"},"modified":"2025-10-07T10:37:33","modified_gmt":"2025-10-07T08:37:33","slug":"politique-de-confidentialite","status":"publish","type":"page","link":"https:\/\/onyarbi.com\/fr\/politique-de-confidentialite\/","title":{"rendered":"Politique de Confidentialit\u00e9"},"content":{"rendered":"\t\t<div data-elementor-type=\"wp-page\" data-elementor-id=\"1390\" class=\"elementor elementor-1390 elementor-3\" data-elementor-post-type=\"page\">\n\t\t\t\t<div class=\"elementor-element elementor-element-7d264b5 e-flex e-con-boxed e-con e-parent\" data-id=\"7d264b5\" data-element_type=\"container\" data-e-type=\"container\" data-settings=\"{&quot;background_background&quot;:&quot;classic&quot;}\">\n\t\t\t\t\t<div class=\"e-con-inner\">\n\t\t\t\t<div class=\"elementor-element elementor-element-f503e06 elementor-widget elementor-widget-heading\" data-id=\"f503e06\" data-element_type=\"widget\" data-e-type=\"widget\" data-widget_type=\"heading.default\">\n\t\t\t\t<div class=\"elementor-widget-container\">\n\t\t\t\t\t<h1 class=\"elementor-heading-title elementor-size-default\">Politique de Confidentialit\u00e9<\/h1>\t\t\t\t<\/div>\n\t\t\t\t<\/div>\n\t\t\t\t\t<\/div>\n\t\t\t\t<\/div>\n\t\t<div class=\"elementor-element elementor-element-5378925 e-flex e-con-boxed e-con e-parent\" data-id=\"5378925\" data-element_type=\"container\" data-e-type=\"container\">\n\t\t\t\t\t<div class=\"e-con-inner\">\n\t\t\t\t<div class=\"elementor-element elementor-element-e725896 elementor-widget elementor-widget-text-editor\" data-id=\"e725896\" data-element_type=\"widget\" data-e-type=\"widget\" data-widget_type=\"text-editor.default\">\n\t\t\t\t<div class=\"elementor-widget-container\">\n\t\t\t\t\t\t\t\t\t<h2>Droit \u00e0 l&rsquo;information<\/h2><p>Si l&rsquo;utilisateur d\u00e9cide d&rsquo;inscrire dans nos curriculum vitae ou des requ\u00eates de base de donn\u00e9es, les donn\u00e9es strictement n\u00e9cessaires pour atteindre le but pour lequel il est pr\u00e9vu que la base de donn\u00e9es, qui est nul autre \u00eatre demand\u00e9 de faciliter la communication entre les clients <strong>INDUSTRIAS ONYARBI<\/strong> et candidats potentiels pour les emplois offerts par eux, et pour r\u00e9soudre les questions soulev\u00e9es par les utilisateurs gr\u00e2ce \u00e0 des services de consultations.<\/p><p>Les donn\u00e9es fournies par les utilisateurs seront incorpor\u00e9es dans un fichier de donn\u00e9es personnelles automatis\u00e9 qui est d\u00fbment inscrit aupr\u00e8s de l&rsquo;Agence de protection des donn\u00e9es avec le num\u00e9ro 2020840077.<\/p><p><strong>INDUSTRIAS ONYARBI<\/strong> a adopt\u00e9 les mesures techniques et organisationnelles n\u00e9cessaires pour garantir la s\u00e9curit\u00e9 des donn\u00e9es personnelles et \u00e9viter leur alt\u00e9ration, la perte ou l&rsquo;acc\u00e8s non autoris\u00e9, compte tenu de l&rsquo;\u00e9tat de la technologie, la nature des donn\u00e9es stock\u00e9es et risques auxquels ils sont expos\u00e9s, le tout conform\u00e9ment aux dispositions du d\u00e9cret royal 994\/1999 du 11 Juin.<\/p><p> <\/p><h2>Consentement de l&rsquo;utilisateur<\/h2><p>Il est entendu que l&rsquo;utilisateur accepte les conditions fix\u00e9es en appuyant sur le bouton \u00ab\u00a0ENVOYER\u00a0\u00bb sur le formulaire appropri\u00e9.<\/p><p>Ces droits peuvent \u00eatre exerc\u00e9s par une communication directe avec le contr\u00f4leur de donn\u00e9es dans <strong>INDUSTRIAS ONYARBI<\/strong>:<\/p><p>Pol. Arretxe-Ugalde <br>Lekunberri n\u00ba3 20305 <br>IRUN (Gipuzkoa)<br>+ 34 943 616 382<br>onyarbi@onyarbi.com <br>+ 34 943 613 148 <\/p><p>Le traitement des donn\u00e9es personnelles et envoie des communications \u00e9lectroniques sont ajust\u00e9es aux r\u00e8glements \u00e9tablis dans la Loi Organique 15 \/ 1999.13 D\u00e9cembre, la protection des donn\u00e9es \u00e0 caract\u00e8re personnel (BOE 14\/12\/1999) et la loi 34\/2002 du 11 Juillet, la Soci\u00e9t\u00e9 des services d&rsquo;information et le commerce \u00e9lectronique (BOE 12\/07\/2002).<\/p>\t\t\t\t\t\t\t\t<\/div>\n\t\t\t\t<\/div>\n\t\t\t\t\t<\/div>\n\t\t\t\t<\/div>\n\t\t\t\t<\/div>\n\t\t","protected":false},"excerpt":{"rendered":"<p>Politique de Confidentialit\u00e9 Droit \u00e0 l&rsquo;information Si l&rsquo;utilisateur d\u00e9cide d&rsquo;inscrire dans nos curriculum vitae ou des requ\u00eates de base de donn\u00e9es, les donn\u00e9es strictement n\u00e9cessaires pour atteindre le but pour lequel il est pr\u00e9vu que la base de donn\u00e9es, qui est nul autre \u00eatre demand\u00e9 de faciliter la communication entre les clients INDUSTRIAS ONYARBI et [&hellip;]<\/p>\n","protected":false},"author":1,"featured_media":0,"parent":0,"menu_order":0,"comment_status":"closed","ping_status":"open","template":"","meta":{"_acf_changed":false,"footnotes":""},"class_list":["post-1390","page","type-page","status-publish","hentry"],"acf":[],"_links":{"self":[{"href":"https:\/\/onyarbi.com\/fr\/wp-json\/wp\/v2\/pages\/1390","targetHints":{"allow":["GET"]}}],"collection":[{"href":"https:\/\/onyarbi.com\/fr\/wp-json\/wp\/v2\/pages"}],"about":[{"href":"https:\/\/onyarbi.com\/fr\/wp-json\/wp\/v2\/types\/page"}],"author":[{"embeddable":true,"href":"https:\/\/onyarbi.com\/fr\/wp-json\/wp\/v2\/users\/1"}],"replies":[{"embeddable":true,"href":"https:\/\/onyarbi.com\/fr\/wp-json\/wp\/v2\/comments?post=1390"}],"version-history":[{"count":1,"href":"https:\/\/onyarbi.com\/fr\/wp-json\/wp\/v2\/pages\/1390\/revisions"}],"predecessor-version":[{"id":1391,"href":"https:\/\/onyarbi.com\/fr\/wp-json\/wp\/v2\/pages\/1390\/revisions\/1391"}],"wp:attachment":[{"href":"https:\/\/onyarbi.com\/fr\/wp-json\/wp\/v2\/media?parent=1390"}],"curies":[{"name":"wp","href":"https:\/\/api.w.org\/{rel}","templated":true}]}}